{"id":8,"date":"2025-08-09T23:26:42","date_gmt":"2025-08-09T21:26:42","guid":{"rendered":"https:\/\/mooc.elsassisch.fr\/wp\/?page_id=8"},"modified":"2025-11-23T23:52:28","modified_gmt":"2025-11-23T22:52:28","slug":"exercices-de-vocabulaire","status":"publish","type":"page","link":"https:\/\/mooc.elsassisch.fr\/wp\/?page_id=8","title":{"rendered":"Dialecte alsacien de Mulhouse"},"content":{"rendered":"\n<p><br><\/p>\n\n\n\n<p>&nbsp;<\/p>\n\n\n<p>Pr\u00e9sentation des couleurs<\/p>\n<div class=\"h5p-iframe-wrapper\"><iframe id=\"h5p-iframe-8\" class=\"h5p-iframe\" data-content-id=\"8\" style=\"height:1px\" src=\"about:blank\" frameBorder=\"0\" scrolling=\"no\" title=\"Couleurs - pr\u00e9sentation (Mulhouse)\"><\/iframe><\/div>\n<p>&nbsp;<\/p>\n<p>Exercice sur les couleurs<\/p>\n<div class=\"h5p-iframe-wrapper\"><iframe id=\"h5p-iframe-7\" class=\"h5p-iframe\" data-content-id=\"7\" style=\"height:1px\" src=\"about:blank\" frameBorder=\"0\" scrolling=\"no\" title=\"F\u00e0rwa - Couleurs (Mulhouse) : placez chaque mot pr\u00e8s de la bonne couleur !\"><\/iframe><\/div>\n<p>&nbsp;<\/p>\n<p>Pr\u00e9sentation des nombres<\/p>\n<div class=\"h5p-iframe-wrapper\"><iframe id=\"h5p-iframe-5\" class=\"h5p-iframe\" data-content-id=\"5\" style=\"height:1px\" src=\"about:blank\" frameBorder=\"0\" scrolling=\"no\" title=\"Z\u00e0hla vu 1 bis 20 - Nombres de 1 \u00e0 20 - pr\u00e9sentation (Mulhouse)\"><\/iframe><\/div>\n<p>&nbsp;<\/p>\n<p>&nbsp;<\/p>\n<div class=\"h5p-iframe-wrapper\"><iframe id=\"h5p-iframe-6\" class=\"h5p-iframe\" data-content-id=\"6\" style=\"height:1px\" src=\"about:blank\" frameBorder=\"0\" scrolling=\"no\" title=\"QCM - Obst - Fruits - exercice (Mulhouse)\"><\/iframe><\/div>\n<p>&nbsp;<\/p>\n<p>&nbsp;<\/p>\n<p>Exercice sur les v\u00eatements<\/p>\n<div class=\"h5p-iframe-wrapper\"><iframe id=\"h5p-iframe-9\" class=\"h5p-iframe\" data-content-id=\"9\" style=\"height:1px\" src=\"about:blank\" frameBorder=\"0\" scrolling=\"no\" title=\"Kleider - V\u00eatements (Mulhouse)\"><\/iframe><\/div>\n<p>&nbsp;<\/p>\n<p>&nbsp;<\/p>\n<p>&nbsp;<\/p>\n<p>&nbsp;<\/p>\n<p>&nbsp;<\/p>","protected":false},"excerpt":{"rendered":"<p>&nbsp; Pr\u00e9sentation des couleurs &nbsp; Exercice sur les couleurs &nbsp; Pr\u00e9sentation des nombres &nbsp; &nbsp; &nbsp; &nbsp; Exercice sur les v\u00eatements &nbsp; &nbsp; &nbsp; &nbsp; &nbsp;<\/p>\n","protected":false},"author":1,"featured_media":0,"parent":0,"menu_order":0,"comment_status":"closed","ping_status":"closed","template":"","meta":{"footnotes":""},"class_list":["post-8","page","type-page","status-publish","hentry"],"_links":{"self":[{"href":"https:\/\/mooc.elsassisch.fr\/wp\/index.php?rest_route=\/wp\/v2\/pages\/8","targetHints":{"allow":["GET"]}}],"collection":[{"href":"https:\/\/mooc.elsassisch.fr\/wp\/index.php?rest_route=\/wp\/v2\/pages"}],"about":[{"href":"https:\/\/mooc.elsassisch.fr\/wp\/index.php?rest_route=\/wp\/v2\/types\/page"}],"author":[{"embeddable":true,"href":"https:\/\/mooc.elsassisch.fr\/wp\/index.php?rest_route=\/wp\/v2\/users\/1"}],"replies":[{"embeddable":true,"href":"https:\/\/mooc.elsassisch.fr\/wp\/index.php?rest_route=%2Fwp%2Fv2%2Fcomments&post=8"}],"version-history":[{"count":47,"href":"https:\/\/mooc.elsassisch.fr\/wp\/index.php?rest_route=\/wp\/v2\/pages\/8\/revisions"}],"predecessor-version":[{"id":2943,"href":"https:\/\/mooc.elsassisch.fr\/wp\/index.php?rest_route=\/wp\/v2\/pages\/8\/revisions\/2943"}],"wp:attachment":[{"href":"https:\/\/mooc.elsassisch.fr\/wp\/index.php?rest_route=%2Fwp%2Fv2%2Fmedia&parent=8"}],"curies":[{"name":"wp","href":"https:\/\/api.w.org\/{rel}","templated":true}]}}