{"id":2976,"date":"2025-11-24T22:41:45","date_gmt":"2025-11-24T21:41:45","guid":{"rendered":"https:\/\/mooc.elsassisch.fr\/wp\/?page_id=2976"},"modified":"2026-03-16T18:58:29","modified_gmt":"2026-03-16T17:58:29","slug":"vocabulaire","status":"publish","type":"page","link":"https:\/\/mooc.elsassisch.fr\/wp\/?page_id=2976","title":{"rendered":"Vocabulaire"},"content":{"rendered":"<div class=\"h5p-iframe-wrapper\"><iframe id=\"h5p-iframe-8\" class=\"h5p-iframe\" data-content-id=\"8\" style=\"height:1px\" src=\"about:blank\" frameBorder=\"0\" scrolling=\"no\" title=\"Couleurs - pr\u00e9sentation (Mulhouse)\"><\/iframe><\/div>\n\n\n<div class=\"h5p-iframe-wrapper\"><iframe id=\"h5p-iframe-7\" class=\"h5p-iframe\" data-content-id=\"7\" style=\"height:1px\" src=\"about:blank\" frameBorder=\"0\" scrolling=\"no\" title=\"F\u00e0rwa - Couleurs (Mulhouse) : placez chaque mot pr\u00e8s de la bonne couleur !\"><\/iframe><\/div>\n\n\n<div class=\"h5p-iframe-wrapper\"><iframe id=\"h5p-iframe-5\" class=\"h5p-iframe\" data-content-id=\"5\" style=\"height:1px\" src=\"about:blank\" frameBorder=\"0\" scrolling=\"no\" title=\"Z\u00e0hla vu 1 bis 20 - Nombres de 1 \u00e0 20 - pr\u00e9sentation (Mulhouse)\"><\/iframe><\/div>\n\n\n<div class=\"h5p-iframe-wrapper\"><iframe id=\"h5p-iframe-6\" class=\"h5p-iframe\" data-content-id=\"6\" style=\"height:1px\" src=\"about:blank\" frameBorder=\"0\" scrolling=\"no\" title=\"QCM - Obst - Fruits - exercice (Mulhouse)\"><\/iframe><\/div>\n\n\n<div class=\"h5p-iframe-wrapper\"><iframe id=\"h5p-iframe-9\" class=\"h5p-iframe\" data-content-id=\"9\" style=\"height:1px\" src=\"about:blank\" frameBorder=\"0\" scrolling=\"no\" title=\"Kleider - V\u00eatements (Mulhouse)\"><\/iframe><\/div>\n\n\n<div class=\"h5p-iframe-wrapper\"><iframe id=\"h5p-iframe-22\" class=\"h5p-iframe\" data-content-id=\"22\" style=\"height:1px\" src=\"about:blank\" frameBorder=\"0\" scrolling=\"no\" title=\"Unterricht 2 \u00dchr  (Niedermorschwihr)\"><\/iframe><\/div>\n\n\n<div class=\"h5p-iframe-wrapper\"><iframe id=\"h5p-iframe-24\" class=\"h5p-iframe\" data-content-id=\"24\" style=\"height:1px\" src=\"about:blank\" frameBorder=\"0\" scrolling=\"no\" title=\"Heure d\u00e9tail entre 1h et 2h\"><\/iframe><\/div>\n","protected":false},"excerpt":{"rendered":"","protected":false},"author":1,"featured_media":0,"parent":0,"menu_order":0,"comment_status":"closed","ping_status":"closed","template":"","meta":{"footnotes":""},"class_list":["post-2976","page","type-page","status-publish","hentry"],"_links":{"self":[{"href":"https:\/\/mooc.elsassisch.fr\/wp\/index.php?rest_route=\/wp\/v2\/pages\/2976","targetHints":{"allow":["GET"]}}],"collection":[{"href":"https:\/\/mooc.elsassisch.fr\/wp\/index.php?rest_route=\/wp\/v2\/pages"}],"about":[{"href":"https:\/\/mooc.elsassisch.fr\/wp\/index.php?rest_route=\/wp\/v2\/types\/page"}],"author":[{"embeddable":true,"href":"https:\/\/mooc.elsassisch.fr\/wp\/index.php?rest_route=\/wp\/v2\/users\/1"}],"replies":[{"embeddable":true,"href":"https:\/\/mooc.elsassisch.fr\/wp\/index.php?rest_route=%2Fwp%2Fv2%2Fcomments&post=2976"}],"version-history":[{"count":2,"href":"https:\/\/mooc.elsassisch.fr\/wp\/index.php?rest_route=\/wp\/v2\/pages\/2976\/revisions"}],"predecessor-version":[{"id":3011,"href":"https:\/\/mooc.elsassisch.fr\/wp\/index.php?rest_route=\/wp\/v2\/pages\/2976\/revisions\/3011"}],"wp:attachment":[{"href":"https:\/\/mooc.elsassisch.fr\/wp\/index.php?rest_route=%2Fwp%2Fv2%2Fmedia&parent=2976"}],"curies":[{"name":"wp","href":"https:\/\/api.w.org\/{rel}","templated":true}]}}