{"id":2948,"date":"2025-11-24T00:11:22","date_gmt":"2025-11-23T23:11:22","guid":{"rendered":"https:\/\/mooc.elsassisch.fr\/wp\/?page_id=2948"},"modified":"2025-11-24T21:58:49","modified_gmt":"2025-11-24T20:58:49","slug":"carte-des-aires-dialectales","status":"publish","type":"page","link":"https:\/\/mooc.elsassisch.fr\/wp\/?page_id=2948","title":{"rendered":"Carte des aires dialectales"},"content":{"rendered":"\n<p>On ne parle pas le m\u00eame dialecte alsacien du nord au sud de l&rsquo;Alsace.<\/p>\n\n\n\n<p>Il y de l\u00e9g\u00e8res variations d&rsquo;un lieu \u00e0 l&rsquo;autre, \u00e7a passe progressivement d&rsquo;un parler \u00e0 un parler un peu diff\u00e9rent, comme pour les couleurs de l&rsquo;arc-en-ciel.\ud83c\udf08<\/p>\n\n\n\n<p>Sur cette carte, cliquez sur un des lieux propos\u00e9s pour en d\u00e9couvrir le dialecte !<\/p>\n\n\n\n<div class=\"wp-block-columns is-layout-flex wp-container-core-columns-is-layout-28f84493 wp-block-columns-is-layout-flex\">\n<div class=\"wp-block-column is-layout-flow wp-block-column-is-layout-flow\"><\/div>\n\n\n\n<div class=\"wp-block-column is-layout-flow wp-block-column-is-layout-flow\"><div class=\"h5p-iframe-wrapper\"><iframe id=\"h5p-iframe-16\" class=\"h5p-iframe\" data-content-id=\"16\" style=\"height:1px\" src=\"about:blank\" frameBorder=\"0\" scrolling=\"no\" title=\"Carte g\u00e9ographique des variantes du dialecte alsacien\"><\/iframe><\/div>\n<\/div>\n\n\n\n<div class=\"wp-block-column is-layout-flow wp-block-column-is-layout-flow\"><\/div>\n<\/div>\n\n\n\n<div class=\"wp-block-columns is-layout-flex wp-container-core-columns-is-layout-28f84493 wp-block-columns-is-layout-flex\">\n<div class=\"wp-block-column is-layout-flow wp-block-column-is-layout-flow\">\n<div class=\"wp-block-columns is-layout-flex wp-container-core-columns-is-layout-28f84493 wp-block-columns-is-layout-flex\">\n<div class=\"wp-block-column is-layout-flow wp-block-column-is-layout-flow\"><\/div>\n\n\n\n<div class=\"wp-block-column is-layout-flow wp-block-column-is-layout-flow\"><\/div>\n\n\n\n<div class=\"wp-block-column is-layout-flow wp-block-column-is-layout-flow\"><\/div>\n<\/div>\n<\/div>\n\n\n\n<div class=\"wp-block-column is-layout-flow wp-block-column-is-layout-flow\"><\/div>\n\n\n\n<div class=\"wp-block-column is-layout-flow wp-block-column-is-layout-flow\"><\/div>\n<\/div>\n\n\n\n<p><\/p>\n","protected":false},"excerpt":{"rendered":"<p>On ne parle pas le m\u00eame dialecte alsacien du nord au sud de l&rsquo;Alsace. Il y de l\u00e9g\u00e8res variations d&rsquo;un lieu \u00e0 l&rsquo;autre, \u00e7a passe progressivement d&rsquo;un parler \u00e0 un parler un peu diff\u00e9rent, comme pour les couleurs de l&rsquo;arc-en-ciel.\ud83c\udf08 Sur cette carte, cliquez sur un des lieux propos\u00e9s pour en d\u00e9couvrir le dialecte !<\/p>\n","protected":false},"author":1,"featured_media":0,"parent":0,"menu_order":0,"comment_status":"closed","ping_status":"closed","template":"","meta":{"footnotes":""},"class_list":["post-2948","page","type-page","status-publish","hentry"],"_links":{"self":[{"href":"https:\/\/mooc.elsassisch.fr\/wp\/index.php?rest_route=\/wp\/v2\/pages\/2948","targetHints":{"allow":["GET"]}}],"collection":[{"href":"https:\/\/mooc.elsassisch.fr\/wp\/index.php?rest_route=\/wp\/v2\/pages"}],"about":[{"href":"https:\/\/mooc.elsassisch.fr\/wp\/index.php?rest_route=\/wp\/v2\/types\/page"}],"author":[{"embeddable":true,"href":"https:\/\/mooc.elsassisch.fr\/wp\/index.php?rest_route=\/wp\/v2\/users\/1"}],"replies":[{"embeddable":true,"href":"https:\/\/mooc.elsassisch.fr\/wp\/index.php?rest_route=%2Fwp%2Fv2%2Fcomments&post=2948"}],"version-history":[{"count":3,"href":"https:\/\/mooc.elsassisch.fr\/wp\/index.php?rest_route=\/wp\/v2\/pages\/2948\/revisions"}],"predecessor-version":[{"id":2973,"href":"https:\/\/mooc.elsassisch.fr\/wp\/index.php?rest_route=\/wp\/v2\/pages\/2948\/revisions\/2973"}],"wp:attachment":[{"href":"https:\/\/mooc.elsassisch.fr\/wp\/index.php?rest_route=%2Fwp%2Fv2%2Fmedia&parent=2948"}],"curies":[{"name":"wp","href":"https:\/\/api.w.org\/{rel}","templated":true}]}}