{"id":2885,"date":"2025-09-22T21:23:08","date_gmt":"2025-09-22T19:23:08","guid":{"rendered":"https:\/\/mooc.elsassisch.fr\/wp\/?page_id=2885"},"modified":"2025-11-25T21:48:14","modified_gmt":"2025-11-25T20:48:14","slug":"cours-dalsacien-en-ligne-elsassisch-unterricht","status":"publish","type":"page","link":"https:\/\/mooc.elsassisch.fr\/wp\/","title":{"rendered":"\ud83c\udfe0 Elsassisch"},"content":{"rendered":"\n<p><strong>Alsacien<\/strong><\/p>\n\n\n\n<figure class=\"wp-block-image size-large is-resized\"><img fetchpriority=\"high\" decoding=\"async\" width=\"1024\" height=\"863\" src=\"https:\/\/mooc.elsassisch.fr\/wp\/wp-content\/uploads\/2025\/08\/arking-pretzel-1024x863.png\" alt=\"Bretzel\" class=\"wp-image-2669\" style=\"width:89px;height:auto\" srcset=\"https:\/\/mooc.elsassisch.fr\/wp\/wp-content\/uploads\/2025\/08\/arking-pretzel-1024x863.png 1024w, https:\/\/mooc.elsassisch.fr\/wp\/wp-content\/uploads\/2025\/08\/arking-pretzel-300x253.png 300w, https:\/\/mooc.elsassisch.fr\/wp\/wp-content\/uploads\/2025\/08\/arking-pretzel-768x648.png 768w, https:\/\/mooc.elsassisch.fr\/wp\/wp-content\/uploads\/2025\/08\/arking-pretzel.png 1263w\" sizes=\"(max-width: 1024px) 100vw, 1024px\" \/><\/figure>\n\n\n\n<p style=\"font-size:18px\">W\u00ecllkumma ! Do lehrt ma Elsassisch. &nbsp;&nbsp;&nbsp;&nbsp; Bienvenue ! Ici on apprend l\u2019alsacien.<\/p>\n\n\n\n<p>&nbsp;<\/p>\n\n\n\n<p><\/p>\n\n\n\n<div class=\"wp-block-columns is-layout-flex wp-container-core-columns-is-layout-28f84493 wp-block-columns-is-layout-flex\">\n<div class=\"wp-block-column colonne-gris is-layout-flow wp-block-column-is-layout-flow\">\n<h2 class=\"wp-block-heading\">D&rsquo;un alsacien \u00e0 l&rsquo;autre&#8230;<\/h2>\n\n\n\n<p>On ne parle pas le m\u00eame dialecte alsacien du nord au sud de l&rsquo;Alsace.<\/p>\n\n\n\n<p>Il y de l\u00e9g\u00e8res variations d&rsquo;un lieu \u00e0 l&rsquo;autre, \u00e7a passe progressivement d&rsquo;un parler \u00e0 un parler un peu diff\u00e9rent, comme pour les couleurs de l&rsquo;arc-en-ciel.\ud83c\udf08<\/p>\n\n\n\n<p>Sur&nbsp;<a href=\"https:\/\/mooc.elsassisch.fr\/wp\/?page_id=2948\">cette carte<\/a>, cliquez sur un des lieux propos\u00e9s pour en d\u00e9couvrir le dialecte !<\/p>\n\n\n\n<figure class=\"wp-block-image is-resized\"><a href=\"https:\/\/mooc.elsassisch.fr\/wp\/?page_id=2948\"><img decoding=\"async\" src=\"https:\/\/mooc.elsassisch.fr\/wp\/wp-content\/uploads\/h5p\/content\/10\/images\/file-691a3bc66686c.png\" alt=\"\" style=\"width:91px;height:auto\"\/><\/a><\/figure>\n<\/div>\n\n\n\n<div class=\"wp-block-column colonne-gris is-layout-flow wp-block-column-is-layout-flow\">\n<h2 class=\"wp-block-heading\">La m\u00e9thode ORTHAL<\/h2>\n\n\n\n<p>Pour \u00e9crire l&rsquo;alsacien, on utilise la graphie&nbsp;<strong>ORTHAL<\/strong>, mise au point par l&rsquo;assocation&nbsp;<a href=\"https:\/\/www.agate-orthal.fr\">AGATe<\/a>.<\/p>\n\n\n\n<p><strong>ORTHAL<\/strong>&nbsp;est une m\u00e9thode qui vise \u00e0 harmoniser les orthographes souvent contradictoires de l&rsquo;alsacien, pour que les auteurs adoptent des r\u00e8gles communes.<\/p>\n\n\n\n<p><a href=\"https:\/\/mooc.elsassisch.fr\/wp\/?page_id=2952\">En savoir plus&#8230;<\/a><\/p>\n<\/div>\n<\/div>\n\n\n\n<div class=\"wp-block-columns is-layout-flex wp-container-core-columns-is-layout-28f84493 wp-block-columns-is-layout-flex\">\n<div class=\"wp-block-column colonne-gris is-layout-flow wp-block-column-is-layout-flow\">\n<h2 class=\"wp-block-heading\">Vocabulaire<\/h2>\n\n\n\n<p>Apprenez du <a href=\"https:\/\/mooc.elsassisch.fr\/wp\/?page_id=2976\">vocabulaire alsacien<\/a>.<\/p>\n\n\n\n<p><\/p>\n<\/div>\n\n\n\n<div class=\"wp-block-column colonne-gris is-layout-flow wp-block-column-is-layout-flow\">\n<h2 class=\"wp-block-heading\">Expressions<\/h2>\n\n\n\n<p>D\u00e9couvrez des <a href=\"https:\/\/mooc.elsassisch.fr\/wp\/?page_id=2978\">expressions typiquement alsaciennes<\/a>.<\/p>\n<\/div>\n<\/div>\n\n\n\n<p><\/p>\n","protected":false},"excerpt":{"rendered":"<p>Alsacien W\u00ecllkumma ! Do lehrt ma Elsassisch. &nbsp;&nbsp;&nbsp;&nbsp; Bienvenue ! Ici on apprend l\u2019alsacien. &nbsp; D&rsquo;un alsacien \u00e0 l&rsquo;autre&#8230; On ne parle pas le m\u00eame dialecte alsacien du nord au sud de l&rsquo;Alsace. Il y de l\u00e9g\u00e8res variations d&rsquo;un lieu \u00e0 l&rsquo;autre, \u00e7a passe progressivement d&rsquo;un parler \u00e0 un parler un peu diff\u00e9rent, comme pour [&hellip;]<\/p>\n","protected":false},"author":1,"featured_media":0,"parent":0,"menu_order":0,"comment_status":"closed","ping_status":"closed","template":"","meta":{"footnotes":""},"class_list":["post-2885","page","type-page","status-publish","hentry"],"_links":{"self":[{"href":"https:\/\/mooc.elsassisch.fr\/wp\/index.php?rest_route=\/wp\/v2\/pages\/2885","targetHints":{"allow":["GET"]}}],"collection":[{"href":"https:\/\/mooc.elsassisch.fr\/wp\/index.php?rest_route=\/wp\/v2\/pages"}],"about":[{"href":"https:\/\/mooc.elsassisch.fr\/wp\/index.php?rest_route=\/wp\/v2\/types\/page"}],"author":[{"embeddable":true,"href":"https:\/\/mooc.elsassisch.fr\/wp\/index.php?rest_route=\/wp\/v2\/users\/1"}],"replies":[{"embeddable":true,"href":"https:\/\/mooc.elsassisch.fr\/wp\/index.php?rest_route=%2Fwp%2Fv2%2Fcomments&post=2885"}],"version-history":[{"count":32,"href":"https:\/\/mooc.elsassisch.fr\/wp\/index.php?rest_route=\/wp\/v2\/pages\/2885\/revisions"}],"predecessor-version":[{"id":3005,"href":"https:\/\/mooc.elsassisch.fr\/wp\/index.php?rest_route=\/wp\/v2\/pages\/2885\/revisions\/3005"}],"wp:attachment":[{"href":"https:\/\/mooc.elsassisch.fr\/wp\/index.php?rest_route=%2Fwp%2Fv2%2Fmedia&parent=2885"}],"curies":[{"name":"wp","href":"https:\/\/api.w.org\/{rel}","templated":true}]}}